{"id":4502,"date":"2016-06-20T19:51:09","date_gmt":"2016-06-20T19:51:09","guid":{"rendered":"http:\/\/davidbabendreyer.de\/?page_id=4502"},"modified":"2025-01-07T15:36:19","modified_gmt":"2025-01-07T15:36:19","slug":"impressum-ii-2","status":"publish","type":"page","link":"https:\/\/davidbabendreyer.de\/?page_id=4502","title":{"rendered":"IMPRESSUM"},"content":{"rendered":"<div class=\"wpb-content-wrapper\"><p>[vc_row full_width=&#8220;stretch_row_content&#8220; parallax=&#8220;content-moving&#8220; css=&#8220;.vc_custom_1512571558291{background-image: url(http:\/\/davidbabendreyer.de\/wp-content\/uploads\/2016\/06\/81380024.jpg?id=4424) !important;background-position: center;background-repeat: no-repeat !important;background-size: cover !important;}&#8220;][vc_column][vc_column_text css=&#8220;.vc_custom_1456920101711{margin-bottom: 550px !important;}&#8220;][\/vc_column_text][\/vc_column][\/vc_row][vc_row css=&#8220;.vc_custom_1447250763958{padding-top: 30px !important;}&#8220;][vc_column width=&#8220;1\/2&#8243; reveal_effect=&#8220;&#8220; css=&#8220;.vc_custom_1449167742237{margin-bottom: 30px !important;}&#8220;][vc_column_text css=&#8220;.vc_custom_1736264173263{padding-right: 40px !important;background-color: #ffffff !important;}&#8220;]<\/p>\n<h2>IMPRESSUM:<\/h2>\n<div class=\"entry-content\">\n<p>Verantwortlich f\u00fcr Inhalt<\/p>\n<p>David Babendreyer<br \/>\nFrankenhofweg 12<br \/>\n6291 VE Vaals<\/p>\n<p>&nbsp;<\/p>\n<p><strong>\u00a9 2025 by davidbabendreyer.de<\/strong><\/p>\n<p>Alle Rechte vorbehalten.<br \/>\nDie auf der Website verwendeten Texte, Bilder, Grafiken, Dateien usw. unterliegen dem Urheberrecht und anderen Gesetzen zum Schutz des geistigen Eigentums.<br \/>\nIhre Weitergabe, Veraenderung, gewerbliche Nutzung oder Verwendung in anderen Websites oder Medien bedarf unserer Zustimmung.<\/p>\n<p><strong>Hinweis gem\u00e4\u00df dem Teledienstgesetz:<\/strong><\/p>\n<p>F\u00fcr Websites Dritter, auf die der Herausgeber durch sogenannte Links verweist, tragen die jeweiligen Anbieter die Verantwortung. Die Herausgeber sind f\u00fcr den Inhalt solcher Sites Dritter nicht verantwortlich. Des weiteren kann die Website des Herausgebers ohne dessen Wissen von anderen Websites mittels sogenannter Links angelinkt werden.<br \/>\nDie Herausgeber \u00fcbernehmen keine Verantwortung f\u00fcr Darstellungen, Inhalt oder irgendeine Verbindung zur Parteigliederung des Herausgebers in Websites Dritter.<br \/>\nF\u00fcr fremde Inhalte ist der Herausgeber nur dann verantwortlich,<br \/>\nwenn er von ihnen (d.h. auch von einem rechtswidrigen oder strafbaren Inhalt) positive Kenntnis hat und es dem Herausgeber technisch m\u00f6glich und zumutbar ist, deren Nutzung zu verhindern.<br \/>\nDer Herausgeber ist nach dem Teledienstgesetz jedoch nicht verpflichtet,<br \/>\ndie fremden Inhalte st\u00e4ndig zu \u00fcberpr\u00fcfen.<\/p>\n<p><strong> Stand 01. Juni 2025<\/strong><\/p>\n<\/div>\n<p>.[\/vc_column_text][\/vc_column][vc_column width=&#8220;1\/4&#8243; reveal_effect=&#8220;&#8220; css=&#8220;.vc_custom_1449224798951{margin-bottom: 30px !important;padding-top: 20px !important;}&#8220;][vc_column_text]<\/p>\n<p>&nbsp;<\/p>\n<p>[\/vc_column_text][\/vc_column][vc_column width=&#8220;1\/4&#8243; reveal_effect=&#8220;&#8220; css=&#8220;.vc_custom_1449224809312{padding-top: 20px !important;}&#8220;][vc_column_text]<strong>CONTACT:<\/strong><\/p>\n<p><strong>E:<\/strong> <a href=\"mailto:mail@davidbabendreyer.de\"><span style=\"color: #999999;\">mail@davidbabendreyer.de<\/span><\/a><\/p>\n<p><strong>TEL:<\/strong> +49 (163) 239-2707[\/vc_column_text][\/vc_column][\/vc_row]<\/p>\n<\/div>","protected":false},"excerpt":{"rendered":"<p>[vc_row full_width=&#8220;stretch_row_content&#8220; parallax=&#8220;content-moving&#8220; css=&#8220;.vc_custom_1512571558291{background-image: url(http:\/\/davidbabendreyer.de\/wp-content\/uploads\/2016\/06\/81380024.jpg?id=4424) !important;background-position: center;background-repeat: no-repeat !important;background-size: cover !important;}&#8220;][vc_column][vc_column_text css=&#8220;.vc_custom_1456920101711{margin-bottom: 550px !important;}&#8220;][\/vc_column_text][\/vc_column][\/vc_row][vc_row css=&#8220;.vc_custom_1447250763958{padding-top: 30px !important;}&#8220;][vc_column width=&#8220;1\/2&#8243; reveal_effect=&#8220;&#8220; css=&#8220;.vc_custom_1449167742237{margin-bottom: 30px !important;}&#8220;][vc_column_text css=&#8220;.vc_custom_1736264173263{padding-right: 40px !important;background-color: #ffffff !important;}&#8220;] IMPRESSUM: Verantwortlich f\u00fcr Inhalt David Babendreyer Frankenhofweg 12 6291 VE Vaals &nbsp; \u00a9 2025 by davidbabendreyer.de Alle Rechte vorbehalten. Die auf der Website verwendeten Texte, Bilder, Grafiken, Dateien&hellip;<\/p>\n","protected":false},"author":1,"featured_media":0,"parent":0,"menu_order":0,"comment_status":"open","ping_status":"closed","template":"","meta":{"_acf_changed":false,"footnotes":""},"class_list":["post-4502","page","type-page","status-publish","hentry"],"acf":[],"_links":{"self":[{"href":"https:\/\/davidbabendreyer.de\/index.php?rest_route=\/wp\/v2\/pages\/4502","targetHints":{"allow":["GET"]}}],"collection":[{"href":"https:\/\/davidbabendreyer.de\/index.php?rest_route=\/wp\/v2\/pages"}],"about":[{"href":"https:\/\/davidbabendreyer.de\/index.php?rest_route=\/wp\/v2\/types\/page"}],"author":[{"embeddable":true,"href":"https:\/\/davidbabendreyer.de\/index.php?rest_route=\/wp\/v2\/users\/1"}],"replies":[{"embeddable":true,"href":"https:\/\/davidbabendreyer.de\/index.php?rest_route=%2Fwp%2Fv2%2Fcomments&post=4502"}],"version-history":[{"count":28,"href":"https:\/\/davidbabendreyer.de\/index.php?rest_route=\/wp\/v2\/pages\/4502\/revisions"}],"predecessor-version":[{"id":7129,"href":"https:\/\/davidbabendreyer.de\/index.php?rest_route=\/wp\/v2\/pages\/4502\/revisions\/7129"}],"wp:attachment":[{"href":"https:\/\/davidbabendreyer.de\/index.php?rest_route=%2Fwp%2Fv2%2Fmedia&parent=4502"}],"curies":[{"name":"wp","href":"https:\/\/api.w.org\/{rel}","templated":true}]}}